{"id":604,"date":"2013-04-30T10:42:45","date_gmt":"2013-04-30T10:42:45","guid":{"rendered":"http:\/\/new.ocean.lv\/?page_id=604"},"modified":"2014-01-14T21:28:48","modified_gmt":"2014-01-14T21:28:48","slug":"majas-lapas-un-mobilas-aplikacijas","status":"publish","type":"page","link":"https:\/\/ocean.lv\/lv\/what-we-do\/majas-lapas-un-mobilas-aplikacijas\/","title":{"rendered":"M\u0101jaslapas un mobil\u0101s aplik\u0101cijas"},"content":{"rendered":"<h1><span style=\"font-size: x-large; color: #333333;\">M\u0101jaslapas un mobil\u0101s aplik\u0101cijas<\/span><\/h1>\n<h4>M\u0113s ne tikai izgatavosim jums kvalitat\u012bvas fotogr\u0101fijas, 360 gr\u0101du virtu\u0101lo t\u016bri un citus vizu\u0101los materi\u0101lus, bet izveidosim ar\u012b profesion\u0101lu un modernu m\u0101jaslapu, kur\u0101 to visu public\u0113t.<\/h4>\n<h4>M\u0101jaslapas, kuras jums pied\u0101v\u0101jam, atbilst pa\u0161\u0101m jaun\u0101kaj\u0101m web dizaina tendenc\u0113m &#8211; t\u0101s ir sagatavotas apskatei gan uz liela izm\u0113ra monitoriem, portat\u012bvajiem datoriem un ar\u012b mobilaj\u0101m ier\u012bc\u0113m.<\/h4>\n<p><br style=\"font-size: x-large;\" \/>\u00a0<\/p>\n","protected":false},"excerpt":{"rendered":"<p>M\u0101jaslapas un mobil\u0101s aplik\u0101cijas M\u0113s ne tikai izgatavosim jums kvalitat\u012bvas fotogr\u0101fijas, 360 gr\u0101du virtu\u0101lo t\u016bri un citus vizu\u0101los materi\u0101lus, bet izveidosim ar\u012b profesion\u0101lu un modernu m\u0101jaslapu, kur\u0101 to visu public\u0113t. M\u0101jaslapas, kuras jums pied\u0101v\u0101jam, atbilst pa\u0161\u0101m jaun\u0101kaj\u0101m web dizaina tendenc\u0113m &#8211; t\u0101s ir sagatavotas apskatei&#8230;<\/p>\n","protected":false},"author":1,"featured_media":0,"parent":537,"menu_order":2,"comment_status":"open","ping_status":"open","template":"","meta":[],"acf":[],"_links":{"self":[{"href":"https:\/\/ocean.lv\/lv\/wp-json\/wp\/v2\/pages\/604"}],"collection":[{"href":"https:\/\/ocean.lv\/lv\/wp-json\/wp\/v2\/pages"}],"about":[{"href":"https:\/\/ocean.lv\/lv\/wp-json\/wp\/v2\/types\/page"}],"author":[{"embeddable":true,"href":"https:\/\/ocean.lv\/lv\/wp-json\/wp\/v2\/users\/1"}],"replies":[{"embeddable":true,"href":"https:\/\/ocean.lv\/lv\/wp-json\/wp\/v2\/comments?post=604"}],"version-history":[{"count":13,"href":"https:\/\/ocean.lv\/lv\/wp-json\/wp\/v2\/pages\/604\/revisions"}],"predecessor-version":[{"id":1724,"href":"https:\/\/ocean.lv\/lv\/wp-json\/wp\/v2\/pages\/604\/revisions\/1724"}],"up":[{"embeddable":true,"href":"https:\/\/ocean.lv\/lv\/wp-json\/wp\/v2\/pages\/537"}],"wp:attachment":[{"href":"https:\/\/ocean.lv\/lv\/wp-json\/wp\/v2\/media?parent=604"}],"curies":[{"name":"wp","href":"https:\/\/api.w.org\/{rel}","templated":true}]}}