{"id":517,"date":"2013-03-26T14:21:47","date_gmt":"2013-03-26T14:21:47","guid":{"rendered":"http:\/\/new.ocean.lv\/?page_id=517"},"modified":"2014-01-12T20:01:28","modified_gmt":"2014-01-12T20:01:28","slug":"sakums","status":"publish","type":"page","link":"https:\/\/ocean.lv\/lv\/","title":{"rendered":"S\u0101kums"},"content":{"rendered":"<div class='projects_holder_outer'><div class='projects_holder projects_type1 v3'>\n<article class='mix 360-gradu-panoramas-foto 360-gradu-virtualas-tures 360-aero-foto-virtualas-tures '><div class='image'><a href='https:\/\/ocean.lv\/lv\/portfolio_page\/turaidas-muiza-un-pils-aero-foto-virtuala-ture\/'><img width=\"475\" height=\"475\" src=\"https:\/\/ocean.lv\/wp-content\/uploads\/2015\/04\/Sigulda-Turaida-Aero-Foto-Panorama-no-OCEAN.LV_.jpg\" class=\"attachment-post-thumbnail size-post-thumbnail wp-post-image\" alt=\"\" loading=\"lazy\" srcset=\"https:\/\/ocean.lv\/wp-content\/uploads\/2015\/04\/Sigulda-Turaida-Aero-Foto-Panorama-no-OCEAN.LV_.jpg 475w, https:\/\/ocean.lv\/wp-content\/uploads\/2015\/04\/Sigulda-Turaida-Aero-Foto-Panorama-no-OCEAN.LV_-150x150.jpg 150w, https:\/\/ocean.lv\/wp-content\/uploads\/2015\/04\/Sigulda-Turaida-Aero-Foto-Panorama-no-OCEAN.LV_-300x300.jpg 300w, https:\/\/ocean.lv\/wp-content\/uploads\/2015\/04\/Sigulda-Turaida-Aero-Foto-Panorama-no-OCEAN.LV_-90x90.jpg 90w\" sizes=\"(max-width: 475px) 100vw, 475px\" \/><\/a><\/div><div class='hover'><div class='hover-inner'><a href='https:\/\/ocean.lv\/lv\/portfolio_page\/turaidas-muiza-un-pils-aero-foto-virtuala-ture\/' class='hover-inner-link'><h4 class='portfolio_title'>Turaidas Pils un Mui\u017eas 360 gr\u0101du Aero Foto T\u016bre<\/h4><br \/><p>360 gr\u0101du panor\u0101mas foto, 360 gr\u0101du virtu\u0101las t\u016bres, 360\u00b0 aero foto virtu\u0101las t\u016bres<\/p><\/a><\/div><\/div><\/article>\n<article class='mix 360-gradu-panoramas-foto 360-gradu-virtualas-tures 360-aero-foto-virtualas-tures '><div class='image'><a href='https:\/\/ocean.lv\/lv\/portfolio_page\/rigas-360-gradu-aero-foto-virtuala-ture\/'><img width=\"580\" height=\"580\" src=\"https:\/\/ocean.lv\/wp-content\/uploads\/2014\/10\/Riga-City-Aerial-360-degree-panorama-virtual-tour-featured-OCEAN.LV_.jpg\" class=\"attachment-post-thumbnail size-post-thumbnail wp-post-image\" alt=\"\" loading=\"lazy\" srcset=\"https:\/\/ocean.lv\/wp-content\/uploads\/2014\/10\/Riga-City-Aerial-360-degree-panorama-virtual-tour-featured-OCEAN.LV_.jpg 580w, https:\/\/ocean.lv\/wp-content\/uploads\/2014\/10\/Riga-City-Aerial-360-degree-panorama-virtual-tour-featured-OCEAN.LV_-150x150.jpg 150w, https:\/\/ocean.lv\/wp-content\/uploads\/2014\/10\/Riga-City-Aerial-360-degree-panorama-virtual-tour-featured-OCEAN.LV_-300x300.jpg 300w, https:\/\/ocean.lv\/wp-content\/uploads\/2014\/10\/Riga-City-Aerial-360-degree-panorama-virtual-tour-featured-OCEAN.LV_-90x90.jpg 90w\" sizes=\"(max-width: 580px) 100vw, 580px\" \/><\/a><\/div><div class='hover'><div class='hover-inner'><a href='https:\/\/ocean.lv\/lv\/portfolio_page\/rigas-360-gradu-aero-foto-virtuala-ture\/' class='hover-inner-link'><h4 class='portfolio_title'>R\u012bgas Pils\u0113tas 360\u00b0 Aero Foto T\u016bre<\/h4><br \/><p>360 gr\u0101du panor\u0101mas foto, 360 gr\u0101du virtu\u0101las t\u016bres, 360\u00b0 aero foto virtu\u0101las t\u016bres<\/p><\/a><\/div><\/div><\/article>\n<article class='mix 360-gradu-panoramas-foto 360-gradu-virtualas-tures '><div class='image'><a href='https:\/\/ocean.lv\/lv\/portfolio_page\/liepajas-olimpiska-centra-virtuala-ture\/'><img width=\"475\" height=\"475\" src=\"https:\/\/ocean.lv\/wp-content\/uploads\/2013\/10\/Liepajas-Olimpiskais-Centrs-360-gradu-virtuala-ture_FEATURED.jpg\" class=\"attachment-post-thumbnail size-post-thumbnail wp-post-image\" alt=\"\" loading=\"lazy\" srcset=\"https:\/\/ocean.lv\/wp-content\/uploads\/2013\/10\/Liepajas-Olimpiskais-Centrs-360-gradu-virtuala-ture_FEATURED.jpg 475w, https:\/\/ocean.lv\/wp-content\/uploads\/2013\/10\/Liepajas-Olimpiskais-Centrs-360-gradu-virtuala-ture_FEATURED-150x150.jpg 150w, https:\/\/ocean.lv\/wp-content\/uploads\/2013\/10\/Liepajas-Olimpiskais-Centrs-360-gradu-virtuala-ture_FEATURED-300x300.jpg 300w, https:\/\/ocean.lv\/wp-content\/uploads\/2013\/10\/Liepajas-Olimpiskais-Centrs-360-gradu-virtuala-ture_FEATURED-90x90.jpg 90w\" sizes=\"(max-width: 475px) 100vw, 475px\" \/><\/a><\/div><div class='hover'><div class='hover-inner'><a href='https:\/\/ocean.lv\/lv\/portfolio_page\/liepajas-olimpiska-centra-virtuala-ture\/' class='hover-inner-link'><h4 class='portfolio_title'>Liep\u0101jas Olimpisk\u0101 Centra virtu\u0101l\u0101 t\u016bre<\/h4><br \/><p>360 gr\u0101du panor\u0101mas foto, 360 gr\u0101du virtu\u0101las t\u016bres<\/p><\/a><\/div><\/div><\/article>\n<article class='mix 360-gradu-panoramas-foto 360-gradu-virtualas-tures responsivs-web-dizains '><div class='image'><a href='https:\/\/ocean.lv\/lv\/portfolio_page\/vecriga-info-virtuala-ekskursija-pa-vecrigu\/'><img width=\"475\" height=\"475\" src=\"https:\/\/ocean.lv\/wp-content\/uploads\/2013\/10\/Old-Riga-Multimedia-Virtual-Tour-featured.jpg\" class=\"attachment-post-thumbnail size-post-thumbnail wp-post-image\" alt=\"\" loading=\"lazy\" srcset=\"https:\/\/ocean.lv\/wp-content\/uploads\/2013\/10\/Old-Riga-Multimedia-Virtual-Tour-featured.jpg 475w, https:\/\/ocean.lv\/wp-content\/uploads\/2013\/10\/Old-Riga-Multimedia-Virtual-Tour-featured-150x150.jpg 150w, https:\/\/ocean.lv\/wp-content\/uploads\/2013\/10\/Old-Riga-Multimedia-Virtual-Tour-featured-300x300.jpg 300w, https:\/\/ocean.lv\/wp-content\/uploads\/2013\/10\/Old-Riga-Multimedia-Virtual-Tour-featured-90x90.jpg 90w\" sizes=\"(max-width: 475px) 100vw, 475px\" \/><\/a><\/div><div class='hover'><div class='hover-inner'><a href='https:\/\/ocean.lv\/lv\/portfolio_page\/vecriga-info-virtuala-ekskursija-pa-vecrigu\/' class='hover-inner-link'><h4 class='portfolio_title'>Vecr\u012bga.Info \u2013 virtu\u0101la ekskursija pa Vecr\u012bgu<\/h4><br \/><p>360 gr\u0101du panor\u0101mas foto, 360 gr\u0101du virtu\u0101las t\u016bres, Web dizains<\/p><\/a><\/div><\/div><\/article>\n<article class='mix 360-gradu-panoramas-foto 360-gradu-virtualas-tures 360-aero-foto-virtualas-tures '><div class='image'><a href='https:\/\/ocean.lv\/lv\/portfolio_page\/jurmalas-aero-foto-360-gradu-virtuala-ture\/'><img width=\"475\" height=\"475\" src=\"https:\/\/ocean.lv\/wp-content\/uploads\/2014\/01\/Jurmalas-Aero-Foto-360-HD-panoramas-virtuala-ture-OCEAN.LV_.jpg\" class=\"attachment-post-thumbnail size-post-thumbnail wp-post-image\" alt=\"\" loading=\"lazy\" srcset=\"https:\/\/ocean.lv\/wp-content\/uploads\/2014\/01\/Jurmalas-Aero-Foto-360-HD-panoramas-virtuala-ture-OCEAN.LV_.jpg 475w, https:\/\/ocean.lv\/wp-content\/uploads\/2014\/01\/Jurmalas-Aero-Foto-360-HD-panoramas-virtuala-ture-OCEAN.LV_-150x150.jpg 150w, https:\/\/ocean.lv\/wp-content\/uploads\/2014\/01\/Jurmalas-Aero-Foto-360-HD-panoramas-virtuala-ture-OCEAN.LV_-300x300.jpg 300w, https:\/\/ocean.lv\/wp-content\/uploads\/2014\/01\/Jurmalas-Aero-Foto-360-HD-panoramas-virtuala-ture-OCEAN.LV_-90x90.jpg 90w\" sizes=\"(max-width: 475px) 100vw, 475px\" \/><\/a><\/div><div class='hover'><div class='hover-inner'><a href='https:\/\/ocean.lv\/lv\/portfolio_page\/jurmalas-aero-foto-360-gradu-virtuala-ture\/' class='hover-inner-link'><h4 class='portfolio_title'>J\u016brmalas Aero Foto 360 gr\u0101du Virtu\u0101la T\u016bre<\/h4><br \/><p>360 gr\u0101du panor\u0101mas foto, 360 gr\u0101du virtu\u0101las t\u016bres, 360\u00b0 aero foto virtu\u0101las t\u016bres<\/p><\/a><\/div><\/div><\/article>\n<article class='mix 360-gradu-panoramas-foto 360-gradu-virtualas-tures '><div class='image'><a href='https:\/\/ocean.lv\/lv\/portfolio_page\/replica-of-17th-century-dutch-ship-batavia\/'><img width=\"475\" height=\"475\" src=\"https:\/\/ocean.lv\/wp-content\/uploads\/2013\/06\/Batavia-historical-ship-replica-360-degree-virtual-tour_FEATURED.jpg\" class=\"attachment-post-thumbnail size-post-thumbnail wp-post-image\" alt=\"\" loading=\"lazy\" srcset=\"https:\/\/ocean.lv\/wp-content\/uploads\/2013\/06\/Batavia-historical-ship-replica-360-degree-virtual-tour_FEATURED.jpg 475w, https:\/\/ocean.lv\/wp-content\/uploads\/2013\/06\/Batavia-historical-ship-replica-360-degree-virtual-tour_FEATURED-150x150.jpg 150w, https:\/\/ocean.lv\/wp-content\/uploads\/2013\/06\/Batavia-historical-ship-replica-360-degree-virtual-tour_FEATURED-300x300.jpg 300w, https:\/\/ocean.lv\/wp-content\/uploads\/2013\/06\/Batavia-historical-ship-replica-360-degree-virtual-tour_FEATURED-90x90.jpg 90w\" sizes=\"(max-width: 475px) 100vw, 475px\" \/><\/a><\/div><div class='hover'><div class='hover-inner'><a href='https:\/\/ocean.lv\/lv\/portfolio_page\/replica-of-17th-century-dutch-ship-batavia\/' class='hover-inner-link'><h4 class='portfolio_title'>Replica of the 17th century Dutch ship Batavia<\/h4><br \/><p>360 gr\u0101du panor\u0101mas foto, 360 gr\u0101du virtu\u0101las t\u016bres<\/p><\/a><\/div><\/div><\/article>\n<div class='filler'><\/div>\n<div class='filler'><\/div>\n<div class='filler'><\/div>\n<\/div><\/div>\n","protected":false},"excerpt":{"rendered":"Short virtual tour of the\u00a0replica of 17th century Dutch ship Batavia.\u00a0A\u00a0replica\u00a0of the\u00a0Batavia\u00a0was built at the\u00a0Bataviawerf\u00a0(Batavia Wharf) in\u00a0Lelystad\u00a0in the Netherlands. The project lasted from 1985 to 7 April 1995, and was conducted as an employment project for young people under master-shipbuilder\u00a0Willem Vos.","protected":false},"author":1,"featured_media":0,"parent":0,"menu_order":8,"comment_status":"open","ping_status":"open","template":"full_width.php","meta":[],"acf":[],"_links":{"self":[{"href":"https:\/\/ocean.lv\/lv\/wp-json\/wp\/v2\/pages\/517"}],"collection":[{"href":"https:\/\/ocean.lv\/lv\/wp-json\/wp\/v2\/pages"}],"about":[{"href":"https:\/\/ocean.lv\/lv\/wp-json\/wp\/v2\/types\/page"}],"author":[{"embeddable":true,"href":"https:\/\/ocean.lv\/lv\/wp-json\/wp\/v2\/users\/1"}],"replies":[{"embeddable":true,"href":"https:\/\/ocean.lv\/lv\/wp-json\/wp\/v2\/comments?post=517"}],"version-history":[{"count":5,"href":"https:\/\/ocean.lv\/lv\/wp-json\/wp\/v2\/pages\/517\/revisions"}],"predecessor-version":[{"id":1672,"href":"https:\/\/ocean.lv\/lv\/wp-json\/wp\/v2\/pages\/517\/revisions\/1672"}],"wp:attachment":[{"href":"https:\/\/ocean.lv\/lv\/wp-json\/wp\/v2\/media?parent=517"}],"curies":[{"name":"wp","href":"https:\/\/api.w.org\/{rel}","templated":true}]}}