{"id":503,"date":"2013-03-26T13:50:37","date_gmt":"2013-03-26T13:50:37","guid":{"rendered":"http:\/\/new.ocean.lv\/?page_id=503"},"modified":"2020-05-07T21:10:11","modified_gmt":"2020-05-07T21:10:11","slug":"360-gradu-panoramas-foto-un-virtualas-tures","status":"publish","type":"page","link":"https:\/\/ocean.lv\/lv\/what-we-do\/360-gradu-panoramas-foto-un-virtualas-tures\/","title":{"rendered":"360 gr\u0101du panor\u0101mas foto un virtu\u0101las t\u016bres"},"content":{"rendered":"[vc_row][vc_column][vc_column_text]\n<h1>360 gr\u0101du panor\u0101mas foto un virtu\u0101las t\u016bres<\/h1>\n<h4>&#8211; augstas iz\u0161\u0137irtsp\u0113jas jebkuras sare\u017e\u0123\u012bt\u012bbas sf\u0113risku HDR 360 gr\u0101du panor\u0101mas foto izgatavo\u0161ana<\/h4>\n<h4>&#8211; klasisk\u0101s, pacelt\u0101s (l\u012bdz 15m)\u00a0 un <a href=\"http:\/\/new.ocean.lv\/what-we-do\/aerial-hd-360-panoramas\/\">aero panor\u0101mas <\/a><\/h4>\n<h4>&#8211; rado\u0161i risn\u0101jumi specifiskiem gad\u012bjumiem \u2013 teatr\u0101li un m\u0101kslas projekti, v\u0113sturiskas rekonstrukcijas, muzeju virtu\u0101l\u0101s t\u016bres u.c.<\/h4>\n<h4>&#8211; 3D panor\u0101mas transform\u0113tas 2D form\u0101t\u0101 dizainam un drukai \u2013 \u201cizkl\u0101tas\u201d 360 gr\u0101du panor\u0101mas un \u201cmaz\u0101s plan\u0113tas\u201d<\/h4>\n<h4>&#8211; interakt\u012bvas virtu\u0101las t\u016bres, kas darbojas uz vis\u0101m ier\u012bc\u0113m un platform\u0101m, ieskaitot iPad un iPhone<\/h4>\n<h4>&#8211; &#8220;pavado\u0161o&#8221; mediju izgatavo\u0161ana multimediju t\u016br\u0113m &#8211; fotogr\u0101fijas, audio\/video, 3D model\u0113\u0161ana, teksti<\/h4>\n<h4>&#8211; produktu integr\u0113\u0161ana soci\u0101lajos medijos<\/h4>\n[\/vc_column_text][\/vc_column][\/vc_row]\n","protected":false},"excerpt":{"rendered":"<p>[vc_row][vc_column][vc_column_text] 360 gr\u0101du panor\u0101mas foto un virtu\u0101las t\u016bres &#8211; augstas iz\u0161\u0137irtsp\u0113jas jebkuras sare\u017e\u0123\u012bt\u012bbas sf\u0113risku HDR 360 gr\u0101du panor\u0101mas foto izgatavo\u0161ana &#8211; klasisk\u0101s, pacelt\u0101s (l\u012bdz 15m)\u00a0 un aero panor\u0101mas &#8211; rado\u0161i risn\u0101jumi specifiskiem gad\u012bjumiem \u2013 teatr\u0101li un m\u0101kslas projekti, v\u0113sturiskas rekonstrukcijas, muzeju virtu\u0101l\u0101s t\u016bres u.c. &#8211;&#8230;<\/p>\n","protected":false},"author":1,"featured_media":0,"parent":537,"menu_order":0,"comment_status":"open","ping_status":"closed","template":"","meta":[],"acf":[],"_links":{"self":[{"href":"https:\/\/ocean.lv\/lv\/wp-json\/wp\/v2\/pages\/503"}],"collection":[{"href":"https:\/\/ocean.lv\/lv\/wp-json\/wp\/v2\/pages"}],"about":[{"href":"https:\/\/ocean.lv\/lv\/wp-json\/wp\/v2\/types\/page"}],"author":[{"embeddable":true,"href":"https:\/\/ocean.lv\/lv\/wp-json\/wp\/v2\/users\/1"}],"replies":[{"embeddable":true,"href":"https:\/\/ocean.lv\/lv\/wp-json\/wp\/v2\/comments?post=503"}],"version-history":[{"count":10,"href":"https:\/\/ocean.lv\/lv\/wp-json\/wp\/v2\/pages\/503\/revisions"}],"predecessor-version":[{"id":2420,"href":"https:\/\/ocean.lv\/lv\/wp-json\/wp\/v2\/pages\/503\/revisions\/2420"}],"up":[{"embeddable":true,"href":"https:\/\/ocean.lv\/lv\/wp-json\/wp\/v2\/pages\/537"}],"wp:attachment":[{"href":"https:\/\/ocean.lv\/lv\/wp-json\/wp\/v2\/media?parent=503"}],"curies":[{"name":"wp","href":"https:\/\/api.w.org\/{rel}","templated":true}]}}