{"id":1685,"date":"2013-01-19T11:06:06","date_gmt":"2013-01-19T11:06:06","guid":{"rendered":"http:\/\/ocean.lv\/?page_id=1685"},"modified":"2020-05-07T21:38:36","modified_gmt":"2020-05-07T21:38:36","slug":"aero-foto-video-360-gradu-panoramas-virtualas-tures","status":"publish","type":"page","link":"https:\/\/ocean.lv\/lv\/what-we-do\/aero-foto-video-360-gradu-panoramas-virtualas-tures\/","title":{"rendered":"360 gr\u0101du Aero Foto Panor\u0101mas un Virtu\u0101las T\u016bres"},"content":{"rendered":"[vc_row css=&#8221;.vc_custom_1588886911950{margin-top: 40px !important;}&#8221;][vc_column width=&#8221;2\/3&#8243;][vc_column_text]\n<h1><\/h1>\n<h1 style=\"text-align: left;\"><span style=\"color: #333333;\">Augstas iz\u0161\u0137irtsp\u0113jas 360\u00b0 Aero Foto<br \/>\n<\/span><\/h1>\n<h3 style=\"text-align: left;\">Galvenais labas virtu\u0101l\u0101s t\u016bres elements ir kvalitat\u012bva un pareiz\u0101 viet\u0101 uz\u0146emta 360 gr\u0101du panor\u0101mas fotogr\u0101fija. Pateicoties jaun\u0101kaj\u0101m tehnologij\u0101m, \u0161obr\u012bd mums paveras p\u0101rsteidzo\u0161i pla\u0161a skatu punkta izv\u0113les br\u012bv\u012bba \u2013 apvienojot profesion\u0101lu tehniku un ilgad\u0113ju pieredzi, izv\u0113l\u0113simies jums lab\u0101ko 360 gr\u0101du panor\u0101mas skatu uz\u0146em\u0161anas vietu un augstumu.<\/h3>\n<p>&nbsp;<\/p>\n<p style=\"text-align: left;\"><h3 class='title_with_line'>\n<p style=\"text-align: left;\">M\u016bsu veidot\u0101s 360 gr\u0101du panor\u0101mas un virtu\u0101l\u0101s t\u016bres<\/p>\n<p style=\"text-align: left;\"><\/h3><div class='title_with_line_separator'><\/div>\n<p style=\"text-align: left;\"><div class='projects_holder_outer'><div class='projects_holder projects_type2 v3'>\n<article class='mix 360-gradu-panoramas-foto 360-gradu-virtualas-tures 360-aero-foto-virtualas-tures '><div class='image'><div class='hover-type-text'><div class='hover-inner'><a href='https:\/\/ocean.lv\/lv\/portfolio_page\/jurmalas-aero-foto-360-gradu-virtuala-ture\/' class='hover-inner-link'><h4 class='portfolio_title'>J\u016brmalas Aero Foto 360 gr\u0101du Virtu\u0101la T\u016bre<\/h4><br \/><p>360 gr\u0101du panor\u0101mas foto, 360 gr\u0101du virtu\u0101las t\u016bres, 360\u00b0 aero foto virtu\u0101las t\u016bres<\/p><\/a><\/div><\/div><a href='https:\/\/ocean.lv\/lv\/portfolio_page\/jurmalas-aero-foto-360-gradu-virtuala-ture\/'><img width=\"475\" height=\"475\" src=\"https:\/\/ocean.lv\/wp-content\/uploads\/2014\/01\/Jurmalas-Aero-Foto-360-HD-panoramas-virtuala-ture-OCEAN.LV_.jpg\" class=\"attachment-post-thumbnail size-post-thumbnail wp-post-image\" alt=\"\" loading=\"lazy\" srcset=\"https:\/\/ocean.lv\/wp-content\/uploads\/2014\/01\/Jurmalas-Aero-Foto-360-HD-panoramas-virtuala-ture-OCEAN.LV_.jpg 475w, https:\/\/ocean.lv\/wp-content\/uploads\/2014\/01\/Jurmalas-Aero-Foto-360-HD-panoramas-virtuala-ture-OCEAN.LV_-150x150.jpg 150w, https:\/\/ocean.lv\/wp-content\/uploads\/2014\/01\/Jurmalas-Aero-Foto-360-HD-panoramas-virtuala-ture-OCEAN.LV_-300x300.jpg 300w, https:\/\/ocean.lv\/wp-content\/uploads\/2014\/01\/Jurmalas-Aero-Foto-360-HD-panoramas-virtuala-ture-OCEAN.LV_-90x90.jpg 90w\" sizes=\"(max-width: 475px) 100vw, 475px\" \/><\/a><\/div><h4>J\u016brmalas Aero Foto 360 gr\u0101du Virtu\u0101la T\u016bre<\/h4><\/article>\n<article class='mix 360-gradu-panoramas-foto 360-gradu-virtualas-tures 360-aero-foto-virtualas-tures '><div class='image'><div class='hover-type-text'><div class='hover-inner'><a href='https:\/\/ocean.lv\/lv\/portfolio_page\/turaidas-muiza-un-pils-aero-foto-virtuala-ture\/' class='hover-inner-link'><h4 class='portfolio_title'>Turaidas Pils un Mui\u017eas 360 gr\u0101du Aero Foto T\u016bre<\/h4><br \/><p>360 gr\u0101du panor\u0101mas foto, 360 gr\u0101du virtu\u0101las t\u016bres, 360\u00b0 aero foto virtu\u0101las t\u016bres<\/p><\/a><\/div><\/div><a href='https:\/\/ocean.lv\/lv\/portfolio_page\/turaidas-muiza-un-pils-aero-foto-virtuala-ture\/'><img width=\"475\" height=\"475\" src=\"https:\/\/ocean.lv\/wp-content\/uploads\/2015\/04\/Sigulda-Turaida-Aero-Foto-Panorama-no-OCEAN.LV_.jpg\" class=\"attachment-post-thumbnail size-post-thumbnail wp-post-image\" alt=\"\" loading=\"lazy\" srcset=\"https:\/\/ocean.lv\/wp-content\/uploads\/2015\/04\/Sigulda-Turaida-Aero-Foto-Panorama-no-OCEAN.LV_.jpg 475w, https:\/\/ocean.lv\/wp-content\/uploads\/2015\/04\/Sigulda-Turaida-Aero-Foto-Panorama-no-OCEAN.LV_-150x150.jpg 150w, https:\/\/ocean.lv\/wp-content\/uploads\/2015\/04\/Sigulda-Turaida-Aero-Foto-Panorama-no-OCEAN.LV_-300x300.jpg 300w, https:\/\/ocean.lv\/wp-content\/uploads\/2015\/04\/Sigulda-Turaida-Aero-Foto-Panorama-no-OCEAN.LV_-90x90.jpg 90w\" sizes=\"(max-width: 475px) 100vw, 475px\" \/><\/a><\/div><h4>Turaidas Pils un Mui\u017eas 360 gr\u0101du Aero Foto T\u016bre<\/h4><\/article>\n<article class='mix 360-gradu-panoramas-foto 360-gradu-virtualas-tures 360-aero-foto-virtualas-tures '><div class='image'><div class='hover-type-text'><div class='hover-inner'><a href='https:\/\/ocean.lv\/lv\/portfolio_page\/rigas-360-gradu-aero-foto-virtuala-ture\/' class='hover-inner-link'><h4 class='portfolio_title'>R\u012bgas Pils\u0113tas 360\u00b0 Aero Foto T\u016bre<\/h4><br \/><p>360 gr\u0101du panor\u0101mas foto, 360 gr\u0101du virtu\u0101las t\u016bres, 360\u00b0 aero foto virtu\u0101las t\u016bres<\/p><\/a><\/div><\/div><a href='https:\/\/ocean.lv\/lv\/portfolio_page\/rigas-360-gradu-aero-foto-virtuala-ture\/'><img width=\"580\" height=\"580\" src=\"https:\/\/ocean.lv\/wp-content\/uploads\/2014\/10\/Riga-City-Aerial-360-degree-panorama-virtual-tour-featured-OCEAN.LV_.jpg\" class=\"attachment-post-thumbnail size-post-thumbnail wp-post-image\" alt=\"\" loading=\"lazy\" srcset=\"https:\/\/ocean.lv\/wp-content\/uploads\/2014\/10\/Riga-City-Aerial-360-degree-panorama-virtual-tour-featured-OCEAN.LV_.jpg 580w, https:\/\/ocean.lv\/wp-content\/uploads\/2014\/10\/Riga-City-Aerial-360-degree-panorama-virtual-tour-featured-OCEAN.LV_-150x150.jpg 150w, https:\/\/ocean.lv\/wp-content\/uploads\/2014\/10\/Riga-City-Aerial-360-degree-panorama-virtual-tour-featured-OCEAN.LV_-300x300.jpg 300w, https:\/\/ocean.lv\/wp-content\/uploads\/2014\/10\/Riga-City-Aerial-360-degree-panorama-virtual-tour-featured-OCEAN.LV_-90x90.jpg 90w\" sizes=\"(max-width: 580px) 100vw, 580px\" \/><\/a><\/div><h4>R\u012bgas Pils\u0113tas 360\u00b0 Aero Foto T\u016bre<\/h4><\/article>\n<div class='filler'><\/div>\n<div class='filler'><\/div>\n<div class='filler'><\/div>\n<\/div><\/div>\n<h2 style=\"text-align: left;\"><span style=\"color: #333333;\">\u0160\u0101d\u0101s 360 gr\u0101du aero foto panor\u0101m\u0101s varam par\u0101d\u012bt jebkurus apskates objektus jaun\u0101, \u013coti iespaid\u012bg\u0101 perspekt\u012bv\u0101. Vai tie b\u016btu t\u016brisma objekti, vai nekustam\u0101 \u012bpa\u0161uma att\u012bst\u012bbas projekti, pils\u0113tas vai z\u012bm\u012bgas dabas teritorijas \u2013 augstas iz\u0161\u0137irtsp\u0113jas 360 gr\u0101du panor\u0101mas foto t\u016bres pal\u012bdz\u0113s izveidot prezent\u0101ciju jaun\u0101 \u2013 \u201caugst\u0101k\u0101\u201d l\u012bmen\u012b.<\/span><\/h2>\n<p>&nbsp;<\/p>\n<p><a title=\"Aerial 360 degree virtual tour of Riga City\" href=\"https:\/\/latviainside.com\/explore\/tours\/aero\/riga-vr\/virtualtour.html\" target=\"_blank\" rel=\"noopener noreferrer\"><img loading=\"lazy\" class=\"aligncenter wp-image-1884 size-full\" src=\"http:\/\/ocean.lv\/wp-content\/uploads\/2013\/08\/Brivibas-Piemineklis-Rigas-Aero-Foto-Panorama-no-OCEAN.jpg\" alt=\"\" width=\"1000\" height=\"417\" srcset=\"https:\/\/ocean.lv\/wp-content\/uploads\/2013\/08\/Brivibas-Piemineklis-Rigas-Aero-Foto-Panorama-no-OCEAN.jpg 1000w, https:\/\/ocean.lv\/wp-content\/uploads\/2013\/08\/Brivibas-Piemineklis-Rigas-Aero-Foto-Panorama-no-OCEAN-300x125.jpg 300w\" sizes=\"(max-width: 1000px) 100vw, 1000px\" \/><\/a><\/p>\n<div class='message' style=''><a href='#' class='close'><\/a>\n<h4 style=\"text-align: left;\"><span style=\"color: #808080;\">Izgatavot\u0101s aero foto panor\u0101mas varam apvienot interatk\u012bv\u0101s virtu\u0101l\u0101s t\u016br\u0113s, savienojot t\u0101s ar akt\u012bvo punktu un zonu pal\u012bdz\u012bbu. T\u0101d\u0101 veid\u0101 virtu\u0101lajam ce\u013cot\u0101jam nodro\u0161inam p\u0101rvieto\u0161an\u0101s vai dr\u012bz\u0101k &#8220;p\u0101rlido\u0161anas&#8221; saj\u016btu virs j\u016bsu apskates objekta.<br \/>\n<\/span><\/h4>\n<\/div>\n<p>&nbsp;<\/p>\n<p><img loading=\"lazy\" class=\"aligncenter wp-image-1079 size-full\" title=\"Aerial 360 degree panorama 3D mapping services\" src=\"http:\/\/ocean.lv\/wp-content\/uploads\/2013\/08\/Aerial_360_degree_panorama_mapping_services_OCEAN.LV_.jpg\" alt=\"Aerial 360 degree panorama 3D mapping services\" width=\"1239\" height=\"523\" srcset=\"https:\/\/ocean.lv\/wp-content\/uploads\/2013\/08\/Aerial_360_degree_panorama_mapping_services_OCEAN.LV_.jpg 1239w, https:\/\/ocean.lv\/wp-content\/uploads\/2013\/08\/Aerial_360_degree_panorama_mapping_services_OCEAN.LV_-300x126.jpg 300w, https:\/\/ocean.lv\/wp-content\/uploads\/2013\/08\/Aerial_360_degree_panorama_mapping_services_OCEAN.LV_-1024x432.jpg 1024w\" sizes=\"(max-width: 1239px) 100vw, 1239px\" \/><div class='message' style='background-color: #BAE5F1; '><a href='#' class='close'><\/a>\n<h4 style=\"text-align: left;\"><span style=\"color: #808080;\"> Kad panor\u0101ma ir gatava, to varam izmantot par pamatu teritorijas aero mar\u0137\u0113\u0161anai.<br \/>\nIez\u012bm\u0113jot aero panor\u0101m\u0101s redzamos objektus, p\u0101rv\u0113r\u0161am tos interakt\u012bvos elementos vai ar\u012b, piem\u0113ram, vienk\u0101r\u0161i iekr\u0101sojam apb\u016bvei paredz\u0113t\u0101s teritorijas u.tt.<br \/>\n<\/span><\/h4>\n<\/div>\n<p>&nbsp;<\/p>\n<p><img loading=\"lazy\" class=\"aligncenter size-full wp-image-1895\" src=\"http:\/\/ocean.lv\/wp-content\/uploads\/2013\/08\/Aerial-Virtual-Tours-Drones-Aero-Foto-360-Panorama-no-OCEAN.LV_.jpg\" alt=\"Aerial Virtual Tours Drones Aero Foto 360 Panorama no OCEAN.LV\" width=\"1000\" height=\"417\" srcset=\"https:\/\/ocean.lv\/wp-content\/uploads\/2013\/08\/Aerial-Virtual-Tours-Drones-Aero-Foto-360-Panorama-no-OCEAN.LV_.jpg 1000w, https:\/\/ocean.lv\/wp-content\/uploads\/2013\/08\/Aerial-Virtual-Tours-Drones-Aero-Foto-360-Panorama-no-OCEAN.LV_-300x125.jpg 300w\" sizes=\"(max-width: 1000px) 100vw, 1000px\" \/><\/p>\n<div class='message' style='background-color: #FFDA8A; '><a href='#' class='close'><\/a>\n<h4 style=\"text-align: left;\"><span style=\"color: #808080;\">360 gr\u0101du panor\u0101mas, aero foto un video uz\u0146em\u0161anai izmantojam bezpilotu helikopterus (saukti ar\u012b par kopteriem, droniem, UAV) pal\u012bdz\u012bbu. Izmantojam tikai profesion\u0101lus, stabilus un dro\u0161us apar\u0101tus, kuriem varam uztic\u0113t pacelt debes\u012bs augstas klases foto un video tehniku.<br \/>\n<\/span><\/h4>\n<\/div>\n<p>&nbsp;<\/p>\n<h4 style=\"text-align: left;\"><\/h4>\n<h4 style=\"text-align: right;\"><\/h4>\n[\/vc_column_text][\/vc_column][vc_column width=&#8221;1\/3&#8243;][vc_column_text]\n<h3>M\u016bsu Aero Foto un Video Pakalpojumi<\/h3>\n<ul>\n<li>\n<h4><strong>HD <\/strong><strong>Aero Foto 360\u00b0 Panor\u0101mas\u00a0<\/strong> nekustamajiem \u012bpa\u0161umiem, t\u016brisma objektiem u.c.<\/h4>\n<\/li>\n<li>\n<h4>No 360 gr\u0101du aero un zemes panor\u0101m\u0101m izgatavojam <strong>Interakt\u012bvas Virtu\u0101las T\u016bres<\/strong><\/h4>\n<\/li>\n<li>\n<h4><strong>Multimediju saturs t\u016br\u0113m<\/strong> &#8211; aero foto, video, audio, apraksti, 3D vizualiz\u0101cijas<\/h4>\n<\/li>\n<li>\n<h4><strong>Aero Mar\u0137\u0113\u0161ana<\/strong> nekustamo \u012bpa\u0161umu att\u012bst\u012bbas projektiem, pils\u0113tpl\u0101no\u0161anai<\/h4>\n<\/li>\n<li>\n<h4><strong>R\u012bgas un Latvijas augstas iz\u0161\u0137irtsp\u0113jas aero fotogr\u0101fijas<\/strong> lielform\u0101ta drukai u.c.<\/h4>\n<\/li>\n<\/ul>\n[\/vc_column_text][\/vc_column][\/vc_row]\n","protected":false},"excerpt":{"rendered":"<p>[vc_row css=&#8221;.vc_custom_1588886911950{margin-top: 40px !important;}&#8221;][vc_column width=&#8221;2\/3&#8243;][vc_column_text] Augstas iz\u0161\u0137irtsp\u0113jas 360\u00b0 Aero Foto Galvenais labas virtu\u0101l\u0101s t\u016bres elements ir kvalitat\u012bva un pareiz\u0101 viet\u0101 uz\u0146emta 360 gr\u0101du panor\u0101mas fotogr\u0101fija. Pateicoties jaun\u0101kaj\u0101m tehnologij\u0101m, \u0161obr\u012bd mums paveras p\u0101rsteidzo\u0161i pla\u0161a skatu punkta izv\u0113les br\u012bv\u012bba \u2013 apvienojot profesion\u0101lu tehniku un ilgad\u0113ju pieredzi, izv\u0113l\u0113simies&#8230;<\/p>\n","protected":false},"author":1,"featured_media":1884,"parent":537,"menu_order":0,"comment_status":"closed","ping_status":"closed","template":"","meta":[],"acf":[],"_links":{"self":[{"href":"https:\/\/ocean.lv\/lv\/wp-json\/wp\/v2\/pages\/1685"}],"collection":[{"href":"https:\/\/ocean.lv\/lv\/wp-json\/wp\/v2\/pages"}],"about":[{"href":"https:\/\/ocean.lv\/lv\/wp-json\/wp\/v2\/types\/page"}],"author":[{"embeddable":true,"href":"https:\/\/ocean.lv\/lv\/wp-json\/wp\/v2\/users\/1"}],"replies":[{"embeddable":true,"href":"https:\/\/ocean.lv\/lv\/wp-json\/wp\/v2\/comments?post=1685"}],"version-history":[{"count":20,"href":"https:\/\/ocean.lv\/lv\/wp-json\/wp\/v2\/pages\/1685\/revisions"}],"predecessor-version":[{"id":2428,"href":"https:\/\/ocean.lv\/lv\/wp-json\/wp\/v2\/pages\/1685\/revisions\/2428"}],"up":[{"embeddable":true,"href":"https:\/\/ocean.lv\/lv\/wp-json\/wp\/v2\/pages\/537"}],"wp:featuredmedia":[{"embeddable":true,"href":"https:\/\/ocean.lv\/lv\/wp-json\/wp\/v2\/media\/1884"}],"wp:attachment":[{"href":"https:\/\/ocean.lv\/lv\/wp-json\/wp\/v2\/media?parent=1685"}],"curies":[{"name":"wp","href":"https:\/\/api.w.org\/{rel}","templated":true}]}}