{"id":1657,"date":"2014-01-10T19:23:35","date_gmt":"2014-01-10T19:23:35","guid":{"rendered":"http:\/\/ocean.lv\/?page_id=1657"},"modified":"2014-01-10T19:23:35","modified_gmt":"2014-01-10T19:23:35","slug":"kontakti","status":"publish","type":"page","link":"https:\/\/ocean.lv\/lv\/kontakti\/","title":{"rendered":"Kontakti"},"content":{"rendered":"<h3>Ja varam jums k\u0101 pal\u012bdz\u0113t ar m\u016bsu pieredzi un tehnolo\u0123ij\u0101m, <br \/>zvaniet +371 29 217 277, +371 29 504 754 vai ar\u012b rakstiet uz info@ocean.lv<\/h3>\n<p>&nbsp;<\/p>\n","protected":false},"excerpt":{"rendered":"<p>Ja varam jums k\u0101 pal\u012bdz\u0113t ar m\u016bsu pieredzi un tehnolo\u0123ij\u0101m, zvaniet +371 29 217 277, +371 29 504 754 vai ar\u012b rakstiet uz info@ocean.lv &nbsp;<\/p>\n","protected":false},"author":1,"featured_media":0,"parent":0,"menu_order":8,"comment_status":"open","ping_status":"open","template":"contact-page.php","meta":[],"acf":[],"_links":{"self":[{"href":"https:\/\/ocean.lv\/lv\/wp-json\/wp\/v2\/pages\/1657"}],"collection":[{"href":"https:\/\/ocean.lv\/lv\/wp-json\/wp\/v2\/pages"}],"about":[{"href":"https:\/\/ocean.lv\/lv\/wp-json\/wp\/v2\/types\/page"}],"author":[{"embeddable":true,"href":"https:\/\/ocean.lv\/lv\/wp-json\/wp\/v2\/users\/1"}],"replies":[{"embeddable":true,"href":"https:\/\/ocean.lv\/lv\/wp-json\/wp\/v2\/comments?post=1657"}],"version-history":[{"count":2,"href":"https:\/\/ocean.lv\/lv\/wp-json\/wp\/v2\/pages\/1657\/revisions"}],"predecessor-version":[{"id":1660,"href":"https:\/\/ocean.lv\/lv\/wp-json\/wp\/v2\/pages\/1657\/revisions\/1660"}],"wp:attachment":[{"href":"https:\/\/ocean.lv\/lv\/wp-json\/wp\/v2\/media?parent=1657"}],"curies":[{"name":"wp","href":"https:\/\/api.w.org\/{rel}","templated":true}]}}